{"id":8784,"date":"2021-08-26T10:45:51","date_gmt":"2021-08-26T10:45:51","guid":{"rendered":"http:\/\/pulsatil.com\/?page_id=8784"},"modified":"2025-05-13T14:48:47","modified_gmt":"2025-05-13T13:48:47","slug":"rowin-atelier","status":"publish","type":"page","link":"https:\/\/pulsatil.com\/en\/collaborations\/rowin-atelier\/","title":{"rendered":"Rowin Atelier"},"content":{"rendered":"\t\t<div data-elementor-type=\"wp-page\" data-elementor-id=\"8784\" class=\"elementor elementor-8784 elementor-3305\" data-elementor-post-type=\"page\">\n\t\t\t\t\t\t<section class=\"has_ae_slider elementor-section elementor-top-section elementor-element elementor-element-02c8b51 elementor-section-full_width elementor-section-height-min-height elementor-section-stretched banner elementor-section-height-default elementor-section-items-middle ae-bg-gallery-type-default\" data-id=\"02c8b51\" data-element_type=\"section\" data-e-type=\"section\" data-settings=\"{&quot;stretch_section&quot;:&quot;section-stretched&quot;,&quot;background_background&quot;:&quot;classic&quot;}\">\n\t\t\t\t\t\t<div class=\"elementor-container elementor-column-gap-default\">\n\t\t\t\t\t<div class=\"has_ae_slider elementor-column elementor-col-100 elementor-top-column elementor-element elementor-element-4ee898f ae-bg-gallery-type-default\" data-id=\"4ee898f\" data-element_type=\"column\" data-e-type=\"column\">\n\t\t\t<div class=\"elementor-widget-wrap\">\n\t\t\t\t\t\t\t<\/div>\n\t\t<\/div>\n\t\t\t\t\t<\/div>\n\t\t<\/section>\n\t\t\t\t<section class=\"has_ae_slider elementor-section elementor-top-section elementor-element elementor-element-58261a6 elementor-section-stretched elementor-section-height-min-height elementor-section-boxed elementor-section-height-default elementor-section-items-middle ae-bg-gallery-type-default\" data-id=\"58261a6\" data-element_type=\"section\" data-e-type=\"section\" data-settings=\"{&quot;stretch_section&quot;:&quot;section-stretched&quot;,&quot;background_background&quot;:&quot;classic&quot;}\">\n\t\t\t\t\t\t<div class=\"elementor-container elementor-column-gap-default\">\n\t\t\t\t\t<div class=\"has_ae_slider elementor-column elementor-col-100 elementor-top-column elementor-element elementor-element-6a49a75 ae-bg-gallery-type-default\" data-id=\"6a49a75\" data-element_type=\"column\" data-e-type=\"column\">\n\t\t\t<div class=\"elementor-widget-wrap elementor-element-populated\">\n\t\t\t\t\t\t<section class=\"has_ae_slider elementor-section elementor-inner-section elementor-element elementor-element-df4c7bd elementor-section-boxed elementor-section-height-default elementor-section-height-default ae-bg-gallery-type-default\" data-id=\"df4c7bd\" data-element_type=\"section\" data-e-type=\"section\">\n\t\t\t\t\t\t<div class=\"elementor-container elementor-column-gap-default\">\n\t\t\t\t\t<div class=\"has_ae_slider elementor-column elementor-col-100 elementor-inner-column elementor-element elementor-element-7be3779 ae-bg-gallery-type-default\" data-id=\"7be3779\" data-element_type=\"column\" data-e-type=\"column\">\n\t\t\t<div class=\"elementor-widget-wrap elementor-element-populated\">\n\t\t\t\t\t\t<div class=\"elementor-element elementor-element-723e72d text-pre elementor-widget elementor-widget-heading\" data-id=\"723e72d\" data-element_type=\"widget\" data-e-type=\"widget\" data-widget_type=\"heading.default\">\n\t\t\t\t<div class=\"elementor-widget-container\">\n\t\t\t\t\t<span class=\"elementor-heading-title elementor-size-default\">ATELIER MODERNE\n\n\n<\/span>\t\t\t\t<\/div>\n\t\t\t\t<\/div>\n\t\t\t\t<div class=\"elementor-element elementor-element-5f21262 globale-font elementor-widget elementor-widget-heading\" data-id=\"5f21262\" data-element_type=\"widget\" data-e-type=\"widget\" data-widget_type=\"heading.default\">\n\t\t\t\t<div class=\"elementor-widget-container\">\n\t\t\t\t\t<h1 class=\"elementor-heading-title elementor-size-default\">RoWin\u2019 Workshop<\/h1>\t\t\t\t<\/div>\n\t\t\t\t<\/div>\n\t\t\t\t\t<\/div>\n\t\t<\/div>\n\t\t\t\t\t<\/div>\n\t\t<\/section>\n\t\t\t\t<section class=\"has_ae_slider elementor-section elementor-inner-section elementor-element elementor-element-9b61a1e elementor-reverse-mobile elementor-section-boxed elementor-section-height-default elementor-section-height-default ae-bg-gallery-type-default\" data-id=\"9b61a1e\" data-element_type=\"section\" data-e-type=\"section\">\n\t\t\t\t\t\t<div class=\"elementor-container elementor-column-gap-default\">\n\t\t\t\t\t<div class=\"has_ae_slider elementor-column elementor-col-100 elementor-inner-column elementor-element elementor-element-7c4e5ab ae-bg-gallery-type-default\" data-id=\"7c4e5ab\" data-element_type=\"column\" data-e-type=\"column\">\n\t\t\t<div class=\"elementor-widget-wrap elementor-element-populated\">\n\t\t\t\t\t\t<div class=\"elementor-element elementor-element-fb6112d elementor-widget elementor-widget-text-editor\" data-id=\"fb6112d\" data-element_type=\"widget\" data-e-type=\"widget\" data-widget_type=\"text-editor.default\">\n\t\t\t\t<div class=\"elementor-widget-container\">\n\t\t\t\t\t\t\t\t\t<div class=\"prg-pul\"><p>Founded by the architects Fr\u00e9d\u00e9ric Rochette and Herv\u00e9 Winkler, RoWin&#8217;Atelier is a transdisciplinary studio with a creative and sophisticated identity, drawing its inspiration from the history of 20th century design. Committed to both craftsmanship and cutting-edge technology, Rowin&#8217; Workshop entrusts Pulsatil Workshop with the creation of lighting fixtures. We create lamps combining the work of the coppersmith and the marble craftsman, with materials such as hammered brass, alabaster, Four Season Spring marble or Calacatta Viola. These lamps provide a warm ambient lighting that reveals the slightest vein of alabaster. Note that these lights belong to a selection of objects that won the Contemporary Design Prize at the PAD Paris 2017. RoWin&#8217; Workshop collaborates with Atelier Pulsatil\u00a0 for the realisation of these luminaires which bring to light noble materials, shaped by the expert hands of the craftsman. These lamps are manually assembled in our workshop in the continuity of this authentic craftsmanship.<\/p><\/div>\t\t\t\t\t\t\t\t<\/div>\n\t\t\t\t<\/div>\n\t\t\t\t\t<\/div>\n\t\t<\/div>\n\t\t\t\t\t<\/div>\n\t\t<\/section>\n\t\t\t\t<section class=\"has_ae_slider elementor-section elementor-inner-section elementor-element elementor-element-b8cfc7a elementor-section-boxed elementor-section-height-default elementor-section-height-default ae-bg-gallery-type-default\" data-id=\"b8cfc7a\" data-element_type=\"section\" data-e-type=\"section\">\n\t\t\t\t\t\t<div class=\"elementor-container elementor-column-gap-default\">\n\t\t\t\t\t<div class=\"has_ae_slider elementor-column elementor-col-50 elementor-inner-column elementor-element elementor-element-4399a3e ae-bg-gallery-type-default\" data-id=\"4399a3e\" data-element_type=\"column\" data-e-type=\"column\">\n\t\t\t<div class=\"elementor-widget-wrap elementor-element-populated\">\n\t\t\t\t\t\t<div class=\"elementor-element elementor-element-0508d11 elementor-position-left elementor-vertical-align-top elementor-widget elementor-widget-image-box\" data-id=\"0508d11\" data-element_type=\"widget\" data-e-type=\"widget\" data-widget_type=\"image-box.default\">\n\t\t\t\t<div class=\"elementor-widget-container\">\n\t\t\t\t\t<div class=\"elementor-image-box-wrapper\"><figure class=\"elementor-image-box-img\"><img decoding=\"async\" width=\"17\" height=\"17\" src=\"https:\/\/pulsatil.com\/wp-content\/uploads\/2021\/05\/I-3.png\" class=\"attachment-full size-full wp-image-3396\" alt=\"\" \/><\/figure><div class=\"elementor-image-box-content\"><p class=\"elementor-image-box-description\"><b>Photo credit :<\/b> Galerie Alexandre Guillemain<\/p><\/div><\/div>\t\t\t\t<\/div>\n\t\t\t\t<\/div>\n\t\t\t\t\t<\/div>\n\t\t<\/div>\n\t\t\t\t<div class=\"has_ae_slider elementor-column elementor-col-50 elementor-inner-column elementor-element elementor-element-6b0d443 ae-bg-gallery-type-default\" data-id=\"6b0d443\" data-element_type=\"column\" data-e-type=\"column\">\n\t\t\t<div class=\"elementor-widget-wrap\">\n\t\t\t\t\t\t\t<\/div>\n\t\t<\/div>\n\t\t\t\t\t<\/div>\n\t\t<\/section>\n\t\t\t\t\t<\/div>\n\t\t<\/div>\n\t\t\t\t\t<\/div>\n\t\t<\/section>\n\t\t\t\t<section class=\"has_ae_slider elementor-section elementor-top-section elementor-element elementor-element-9b9130f elementor-section-boxed elementor-section-height-default elementor-section-height-default ae-bg-gallery-type-default\" data-id=\"9b9130f\" data-element_type=\"section\" data-e-type=\"section\">\n\t\t\t\t\t\t<div class=\"elementor-container elementor-column-gap-default\">\n\t\t\t\t\t<div class=\"has_ae_slider elementor-column elementor-col-100 elementor-top-column elementor-element elementor-element-745b288 ae-bg-gallery-type-default\" data-id=\"745b288\" data-element_type=\"column\" data-e-type=\"column\">\n\t\t\t<div class=\"elementor-widget-wrap elementor-element-populated\">\n\t\t\t\t\t\t<div class=\"elementor-element elementor-element-419f615 elementor-widget elementor-widget-gallery\" data-id=\"419f615\" data-element_type=\"widget\" data-e-type=\"widget\" data-settings=\"{&quot;gallery_layout&quot;:&quot;masonry&quot;,&quot;columns&quot;:3,&quot;lazyload&quot;:&quot;yes&quot;,&quot;columns_tablet&quot;:2,&quot;columns_mobile&quot;:1,&quot;gap&quot;:{&quot;unit&quot;:&quot;px&quot;,&quot;size&quot;:10,&quot;sizes&quot;:[]},&quot;gap_tablet&quot;:{&quot;unit&quot;:&quot;px&quot;,&quot;size&quot;:10,&quot;sizes&quot;:[]},&quot;gap_mobile&quot;:{&quot;unit&quot;:&quot;px&quot;,&quot;size&quot;:10,&quot;sizes&quot;:[]},&quot;link_to&quot;:&quot;file&quot;,&quot;overlay_background&quot;:&quot;yes&quot;,&quot;content_hover_animation&quot;:&quot;fade-in&quot;}\" data-widget_type=\"gallery.default\">\n\t\t\t\t<div class=\"elementor-widget-container\">\n\t\t\t\t\t\t\t<div class=\"elementor-gallery__container\">\r\n\t\t\t\t\t\t\t<a class=\"e-gallery-item elementor-gallery-item elementor-animated-content\" href=\"https:\/\/pulsatil.com\/wp-content\/uploads\/2021\/07\/pulsatil-collaboration-rowin-atelier-galerie-2.png\" data-elementor-open-lightbox=\"yes\" data-elementor-lightbox-slideshow=\"419f615\" data-elementor-lightbox-title=\"pulsatil-collaboration-rowin-atelier-galerie (2)\" data-e-action-hash=\"#elementor-action%3Aaction%3Dlightbox%26settings%3DeyJpZCI6NzU3NywidXJsIjoiaHR0cHM6XC9cL3B1bHNhdGlsLmNvbVwvd3AtY29udGVudFwvdXBsb2Fkc1wvMjAyMVwvMDdcL3B1bHNhdGlsLWNvbGxhYm9yYXRpb24tcm93aW4tYXRlbGllci1nYWxlcmllLTIucG5nIiwic2xpZGVzaG93IjoiNDE5ZjYxNSJ9\">\r\n\t\t\t\t\t<div class=\"e-gallery-image elementor-gallery-item__image\" data-thumbnail=\"https:\/\/pulsatil.com\/wp-content\/uploads\/2021\/07\/pulsatil-collaboration-rowin-atelier-galerie-2.png\" data-width=\"768\" data-height=\"1024\" aria-label=\"\" role=\"img\" ><\/div>\r\n\t\t\t\t\t\t\t\t\t\t\t<div class=\"elementor-gallery-item__overlay\"><\/div>\r\n\t\t\t\t\t\t\t\t\t\t\t\t\t\t<\/a>\r\n\t\t\t\t\t\t\t<a class=\"e-gallery-item elementor-gallery-item elementor-animated-content\" href=\"https:\/\/pulsatil.com\/wp-content\/uploads\/2021\/08\/Rowin-1.png\" data-elementor-open-lightbox=\"yes\" data-elementor-lightbox-slideshow=\"419f615\" data-elementor-lightbox-title=\"Rowin 1\" data-e-action-hash=\"#elementor-action%3Aaction%3Dlightbox%26settings%3DeyJpZCI6ODEwOCwidXJsIjoiaHR0cHM6XC9cL3B1bHNhdGlsLmNvbVwvd3AtY29udGVudFwvdXBsb2Fkc1wvMjAyMVwvMDhcL1Jvd2luLTEucG5nIiwic2xpZGVzaG93IjoiNDE5ZjYxNSJ9\">\r\n\t\t\t\t\t<div class=\"e-gallery-image elementor-gallery-item__image\" data-thumbnail=\"https:\/\/pulsatil.com\/wp-content\/uploads\/2021\/08\/Rowin-1.png\" data-width=\"1080\" data-height=\"1080\" aria-label=\"\" role=\"img\" ><\/div>\r\n\t\t\t\t\t\t\t\t\t\t\t<div class=\"elementor-gallery-item__overlay\"><\/div>\r\n\t\t\t\t\t\t\t\t\t\t\t\t\t\t<\/a>\r\n\t\t\t\t\t\t\t<a class=\"e-gallery-item elementor-gallery-item elementor-animated-content\" href=\"https:\/\/pulsatil.com\/wp-content\/uploads\/2021\/07\/pulsatil-collaboration-rowin-atelier-galerie-3.png\" data-elementor-open-lightbox=\"yes\" data-elementor-lightbox-slideshow=\"419f615\" data-elementor-lightbox-title=\"pulsatil-collaboration-rowin-atelier-galerie (3)\" data-e-action-hash=\"#elementor-action%3Aaction%3Dlightbox%26settings%3DeyJpZCI6NzU3OSwidXJsIjoiaHR0cHM6XC9cL3B1bHNhdGlsLmNvbVwvd3AtY29udGVudFwvdXBsb2Fkc1wvMjAyMVwvMDdcL3B1bHNhdGlsLWNvbGxhYm9yYXRpb24tcm93aW4tYXRlbGllci1nYWxlcmllLTMucG5nIiwic2xpZGVzaG93IjoiNDE5ZjYxNSJ9\">\r\n\t\t\t\t\t<div class=\"e-gallery-image elementor-gallery-item__image\" data-thumbnail=\"https:\/\/pulsatil.com\/wp-content\/uploads\/2021\/07\/pulsatil-collaboration-rowin-atelier-galerie-3.png\" data-width=\"768\" data-height=\"1024\" aria-label=\"\" role=\"img\" ><\/div>\r\n\t\t\t\t\t\t\t\t\t\t\t<div class=\"elementor-gallery-item__overlay\"><\/div>\r\n\t\t\t\t\t\t\t\t\t\t\t\t\t\t<\/a>\r\n\t\t\t\t\t\t\t<a class=\"e-gallery-item elementor-gallery-item elementor-animated-content\" href=\"https:\/\/pulsatil.com\/wp-content\/uploads\/2021\/07\/pulsatil-collaboration-rowin-atelier-galerie-4.png\" data-elementor-open-lightbox=\"yes\" data-elementor-lightbox-slideshow=\"419f615\" data-elementor-lightbox-title=\"pulsatil-collaboration-rowin-atelier-galerie (4)\" data-e-action-hash=\"#elementor-action%3Aaction%3Dlightbox%26settings%3DeyJpZCI6NzU4MSwidXJsIjoiaHR0cHM6XC9cL3B1bHNhdGlsLmNvbVwvd3AtY29udGVudFwvdXBsb2Fkc1wvMjAyMVwvMDdcL3B1bHNhdGlsLWNvbGxhYm9yYXRpb24tcm93aW4tYXRlbGllci1nYWxlcmllLTQucG5nIiwic2xpZGVzaG93IjoiNDE5ZjYxNSJ9\">\r\n\t\t\t\t\t<div class=\"e-gallery-image elementor-gallery-item__image\" data-thumbnail=\"https:\/\/pulsatil.com\/wp-content\/uploads\/2021\/07\/pulsatil-collaboration-rowin-atelier-galerie-4.png\" data-width=\"768\" data-height=\"1024\" aria-label=\"\" role=\"img\" ><\/div>\r\n\t\t\t\t\t\t\t\t\t\t\t<div class=\"elementor-gallery-item__overlay\"><\/div>\r\n\t\t\t\t\t\t\t\t\t\t\t\t\t\t<\/a>\r\n\t\t\t\t\t\t\t<a class=\"e-gallery-item elementor-gallery-item elementor-animated-content\" href=\"https:\/\/pulsatil.com\/wp-content\/uploads\/2021\/07\/pulsatil-collaboration-rowin-atelier-galerie-5.png\" data-elementor-open-lightbox=\"yes\" data-elementor-lightbox-slideshow=\"419f615\" data-elementor-lightbox-title=\"pulsatil-collaboration-rowin-atelier-galerie (5)\" data-e-action-hash=\"#elementor-action%3Aaction%3Dlightbox%26settings%3DeyJpZCI6NzU4MywidXJsIjoiaHR0cHM6XC9cL3B1bHNhdGlsLmNvbVwvd3AtY29udGVudFwvdXBsb2Fkc1wvMjAyMVwvMDdcL3B1bHNhdGlsLWNvbGxhYm9yYXRpb24tcm93aW4tYXRlbGllci1nYWxlcmllLTUucG5nIiwic2xpZGVzaG93IjoiNDE5ZjYxNSJ9\">\r\n\t\t\t\t\t<div class=\"e-gallery-image elementor-gallery-item__image\" data-thumbnail=\"https:\/\/pulsatil.com\/wp-content\/uploads\/2021\/07\/pulsatil-collaboration-rowin-atelier-galerie-5.png\" data-width=\"1024\" data-height=\"768\" aria-label=\"\" role=\"img\" ><\/div>\r\n\t\t\t\t\t\t\t\t\t\t\t<div class=\"elementor-gallery-item__overlay\"><\/div>\r\n\t\t\t\t\t\t\t\t\t\t\t\t\t\t<\/a>\r\n\t\t\t\t\t\t\t<a class=\"e-gallery-item elementor-gallery-item elementor-animated-content\" href=\"https:\/\/pulsatil.com\/wp-content\/uploads\/2021\/07\/pulsatil-collaboration-rowin-atelier-galerie-6.png\" data-elementor-open-lightbox=\"yes\" data-elementor-lightbox-slideshow=\"419f615\" data-elementor-lightbox-title=\"pulsatil-collaboration-rowin-atelier-galerie (6)\" data-e-action-hash=\"#elementor-action%3Aaction%3Dlightbox%26settings%3DeyJpZCI6NzU4NSwidXJsIjoiaHR0cHM6XC9cL3B1bHNhdGlsLmNvbVwvd3AtY29udGVudFwvdXBsb2Fkc1wvMjAyMVwvMDdcL3B1bHNhdGlsLWNvbGxhYm9yYXRpb24tcm93aW4tYXRlbGllci1nYWxlcmllLTYucG5nIiwic2xpZGVzaG93IjoiNDE5ZjYxNSJ9\">\r\n\t\t\t\t\t<div class=\"e-gallery-image elementor-gallery-item__image\" data-thumbnail=\"https:\/\/pulsatil.com\/wp-content\/uploads\/2021\/07\/pulsatil-collaboration-rowin-atelier-galerie-6.png\" data-width=\"1024\" data-height=\"768\" aria-label=\"\" role=\"img\" ><\/div>\r\n\t\t\t\t\t\t\t\t\t\t\t<div class=\"elementor-gallery-item__overlay\"><\/div>\r\n\t\t\t\t\t\t\t\t\t\t\t\t\t\t<\/a>\r\n\t\t\t\t\t<\/div>\r\n\t\t\t\t\t<\/div>\n\t\t\t\t<\/div>\n\t\t\t\t\t<\/div>\n\t\t<\/div>\n\t\t\t\t\t<\/div>\n\t\t<\/section>\n\t\t\t\t<section class=\"has_ae_slider elementor-section elementor-top-section elementor-element elementor-element-1fb1510 elementor-section-stretched elementor-section-boxed elementor-section-height-default elementor-section-height-default ae-bg-gallery-type-default\" data-id=\"1fb1510\" data-element_type=\"section\" data-e-type=\"section\" data-settings=\"{&quot;stretch_section&quot;:&quot;section-stretched&quot;}\">\n\t\t\t\t\t\t<div class=\"elementor-container elementor-column-gap-default\">\n\t\t\t\t\t<div class=\"has_ae_slider elementor-column elementor-col-100 elementor-top-column elementor-element elementor-element-73ed1e7 ae-bg-gallery-type-default\" data-id=\"73ed1e7\" data-element_type=\"column\" data-e-type=\"column\">\n\t\t\t<div class=\"elementor-widget-wrap elementor-element-populated\">\n\t\t\t\t\t\t<section class=\"has_ae_slider elementor-section elementor-inner-section elementor-element elementor-element-ad95f5f elementor-section-boxed elementor-section-height-default elementor-section-height-default ae-bg-gallery-type-default\" data-id=\"ad95f5f\" data-element_type=\"section\" data-e-type=\"section\">\n\t\t\t\t\t\t<div class=\"elementor-container elementor-column-gap-default\">\n\t\t\t\t\t<div class=\"has_ae_slider elementor-column elementor-col-33 elementor-inner-column elementor-element elementor-element-16f299a ae-bg-gallery-type-default\" data-id=\"16f299a\" data-element_type=\"column\" data-e-type=\"column\">\n\t\t\t<div class=\"elementor-widget-wrap\">\n\t\t\t\t\t\t\t<\/div>\n\t\t<\/div>\n\t\t\t\t<div class=\"has_ae_slider elementor-column elementor-col-33 elementor-inner-column elementor-element elementor-element-7c13a38 col-center ae-bg-gallery-type-default\" data-id=\"7c13a38\" data-element_type=\"column\" data-e-type=\"column\">\n\t\t\t<div class=\"elementor-widget-wrap elementor-element-populated\">\n\t\t\t\t\t\t<div class=\"elementor-element elementor-element-a6409b9 elementor-widget__width-auto fot-plus elementor-widget elementor-widget-heading\" data-id=\"a6409b9\" data-element_type=\"widget\" data-e-type=\"widget\" data-widget_type=\"heading.default\">\n\t\t\t\t<div class=\"elementor-widget-container\">\n\t\t\t\t\t<h3 class=\"elementor-heading-title elementor-size-default\"><a href=\"\/nos-collaborations\/\">All our collaborations\n<\/a><\/h3>\t\t\t\t<\/div>\n\t\t\t\t<\/div>\n\t\t\t\t<div class=\"elementor-element elementor-element-77d2ee2 elementor-widget__width-auto elementor-widget elementor-widget-image\" data-id=\"77d2ee2\" data-element_type=\"widget\" data-e-type=\"widget\" data-widget_type=\"image.default\">\n\t\t\t\t<div class=\"elementor-widget-container\">\n\t\t\t\t\t\t\t\t\t\t\t\t\t\t\t\t<a href=\"\/nos-collaborations\/\">\n\t\t\t\t\t\t\t<img decoding=\"async\" width=\"8\" height=\"14\" src=\"https:\/\/pulsatil.com\/wp-content\/uploads\/2021\/07\/image.png\" class=\"attachment-full size-full wp-image-7014\" alt=\"\" \/>\t\t\t\t\t\t\t\t<\/a>\n\t\t\t\t\t\t\t\t\t\t\t\t\t\t\t<\/div>\n\t\t\t\t<\/div>\n\t\t\t\t\t<\/div>\n\t\t<\/div>\n\t\t\t\t<div class=\"has_ae_slider elementor-column elementor-col-33 elementor-inner-column elementor-element elementor-element-eed9e81 ae-bg-gallery-type-default\" data-id=\"eed9e81\" data-element_type=\"column\" data-e-type=\"column\">\n\t\t\t<div class=\"elementor-widget-wrap\">\n\t\t\t\t\t\t\t<\/div>\n\t\t<\/div>\n\t\t\t\t\t<\/div>\n\t\t<\/section>\n\t\t\t\t\t<\/div>\n\t\t<\/div>\n\t\t\t\t\t<\/div>\n\t\t<\/section>\n\t\t\t\t<\/div>\n\t\t","protected":false},"excerpt":{"rendered":"<p>ATELIER MODERNE RoWin\u2019 Workshop Founded by the architects Fr\u00e9d\u00e9ric Rochette and Herv\u00e9 Winkler, RoWin&#8217;Atelier is a transdisciplinary studio with a creative and sophisticated identity, drawing its<span class=\"excerpt-hellip\"> [\u2026]<\/span><\/p>\n","protected":false},"author":7,"featured_media":0,"parent":8650,"menu_order":0,"comment_status":"closed","ping_status":"closed","template":"","meta":{"footnotes":""},"class_list":["post-8784","page","type-page","status-publish","hentry"],"_links":{"self":[{"href":"https:\/\/pulsatil.com\/en\/wp-json\/wp\/v2\/pages\/8784","targetHints":{"allow":["GET"]}}],"collection":[{"href":"https:\/\/pulsatil.com\/en\/wp-json\/wp\/v2\/pages"}],"about":[{"href":"https:\/\/pulsatil.com\/en\/wp-json\/wp\/v2\/types\/page"}],"author":[{"embeddable":true,"href":"https:\/\/pulsatil.com\/en\/wp-json\/wp\/v2\/users\/7"}],"replies":[{"embeddable":true,"href":"https:\/\/pulsatil.com\/en\/wp-json\/wp\/v2\/comments?post=8784"}],"version-history":[{"count":49,"href":"https:\/\/pulsatil.com\/en\/wp-json\/wp\/v2\/pages\/8784\/revisions"}],"predecessor-version":[{"id":12888,"href":"https:\/\/pulsatil.com\/en\/wp-json\/wp\/v2\/pages\/8784\/revisions\/12888"}],"up":[{"embeddable":true,"href":"https:\/\/pulsatil.com\/en\/wp-json\/wp\/v2\/pages\/8650"}],"wp:attachment":[{"href":"https:\/\/pulsatil.com\/en\/wp-json\/wp\/v2\/media?parent=8784"}],"curies":[{"name":"wp","href":"https:\/\/api.w.org\/{rel}","templated":true}]}}